{"id":567483,"date":"2022-05-05T14:47:29","date_gmt":"2022-05-05T12:47:29","guid":{"rendered":"https:\/\/forgamer.ee\/product\/gaming-chair-for-a-child-huzaro-ranger-6-0-rgb-mesh\/"},"modified":"2025-08-25T08:56:38","modified_gmt":"2025-08-25T06:56:38","slug":"gaming-chair-for-a-child-huzaro-ranger-6-0-rgb-mesh","status":"publish","type":"product","link":"https:\/\/forgamer.ee\/et\/toode\/gaming-chair-for-a-child-huzaro-ranger-6-0-rgb-mesh\/","title":{"rendered":"Gaming Chair For A Child HUZARO RANGER 6.0 RGB Mesh [DEMO]"},"content":{"rendered":"<p><img decoding=\"async\" src=\"https:\/\/huzaro.com\/userdata\/public\/assets\/\/slider1.jpg\" alt=\"Dost\u0119pne kolory fotela Ranger 6.0\" width=\"\" height=\"\" \/><\/p>\n<section class=\"section\">\n<div class=\"item item-6 fx-left-in-element fx-start-animation\">\n<section class=\"image-item\">\n<div><img decoding=\"async\" src=\"https:\/\/huzaro.com\/userdata\/public\/assets\/\/ranger6.0_RGB_skos_do_opisu.jpg\" alt=\"Prawy skos fotela gamingowego Huzaro Ranger 6.0 RGB\" width=\"\" height=\"\" \/><\/div>\n<\/section>\n<\/div>\n<div class=\"item item-6 fx-right-in-element fx-start-animation\">\n<section class=\"text-item\">\n<div class=\"fx-title\">\n<h2>PRODUCT FEATURES:<\/h2>\n<\/div>\n<ul>\n<li>RGB LED lighting with a remote control feature<\/li>\n<li>This ergonomic chair\u00a0<strong>ensures the correct position of the back<\/strong><\/li>\n<li><strong>More than a dozen different colors of light<\/strong><\/li>\n<li><strong>USB power supply + power bank 4 x AA<\/strong><\/li>\n<li>Modern, gaming look will take away the breath of every passionate gamer<\/li>\n<li>Breathable Mesh fabric in places where the chair touches the user\u2019s body<\/li>\n<li>Reliable producer and safe structure<\/li>\n<li><strong>Lumbar cushion and neck pillow<\/strong>\u00a0support the proper body posture while sitting<\/li>\n<li>Damage-resistant material, easy maintenance<\/li>\n<li><strong>SideRest feature<\/strong>\u00a0enables a convenient tilting of the back rest<\/li>\n<li>SoftFlex mechanism enables rocking in the chair<\/li>\n<li><strong>Rubber wheels<\/strong>\u00a0do not scratch the floor<\/li>\n<\/ul>\n<\/section>\n<\/div>\n<\/section>\n<section class=\"section\">\n<div class=\"item item-6 fx-left-in-element fx-start-animation\">\n<section class=\"image-item\"><img decoding=\"async\" src=\"https:\/\/huzaro.com\/userdata\/public\/assets\/\/ranger6.0_RGB_dla_dzieci.jpg\" alt=\"Prz\u00f3d fotela gamingowego Huzaro Ranger 6.0 RGB z ch\u0142opce\" width=\"\" height=\"\" \/><\/section>\n<\/div>\n<div class=\"item item-6 fx-right-in-element fx-start-animation\">\n<section class=\"text-item\">\n<h2><strong>GAMING CHAIR FOR CHILDREN<\/strong><\/h2>\n<p>HUZARO RANGER is our gaming chair collection designed for young computer games lovers. Perfect for study session and leisure time, the Ranger 6.0 model has all of the best features of our classic Force 6.0 chair, but is made in a \u201cmini\u201d version for our children.<\/p>\n<h3><strong>OPTIMAL SIZE<\/strong><\/h3>\n<p>Ranger 6.0 is a small product with great potential. It\u2019s a mini chair with all the incredible Huzaro gaming features! The chair is optimal for children between 100 and 160 cm high.<\/p>\n<\/section>\n<\/div>\n<\/section>\n<section class=\"section\">\n<div class=\"item item-6 fx-left-in-element fx-start-animation\">\n<section class=\"image-item\"><img decoding=\"async\" src=\"https:\/\/huzaro.com\/userdata\/public\/assets\/\/ranger6.0_RGB_ledy.jpg\" alt=\"Prz\u00f3d fotela gamingowego Huzaro Ranger 6.0 RGB z ch\u0142opce\" width=\"\" height=\"\" \/><\/section>\n<\/div>\n<div class=\"item item-6 fx-right-in-element fx-start-animation\">\n<section class=\"text-item\">\n<h2><strong>RGB LED LIGHTING<\/strong><\/h2>\n<p>The chair lights up in several colours. We can always choose the one that we prefer. Adjust the ambience of you room to your mood with only one button.<\/p>\n<h3><strong>CHOOSE THE COLORS YOURSELF<\/strong><\/h3>\n<p>The armchair shines in a dozen or so colors, from which we can always choose the one we want. Adjust the atmosphere in the room to your current mood and change the lighting with the touch of a button.<\/p>\n<p>&nbsp;<\/p>\n<\/section>\n<\/div>\n<\/section>\n<section class=\"section\">\n<div class=\"item item-6 fx-left-in-element fx-start-animation\">\n<section class=\"image-item\"><img decoding=\"async\" src=\"https:\/\/huzaro.com\/userdata\/public\/assets\/\/ranger6.0_RGB_ergonomia.jpg\" alt=\"Prawy bok fotela Huzaro Ranger 6.0 RGB z poduszk\u0105 l\u0119d\u017awiow\u0105 i pod kark\" width=\"\" height=\"\" \/><\/section>\n<\/div>\n<div class=\"item item-6 fx-right-in-element fx-start-animation\">\n<section class=\"text-item\">\n<h2><strong>SUPPORTS THE PROPER BODY POSTURE<\/strong><\/h2>\n<p>Chair is the most important piece of furniture is every kid\u2019s room. Homework, computer games and other desk activities take up a lot of time, which is why it is really important to ensure that our child feels comfortable.\u00a0<strong>Huzaro Ranger 6.0 gaming chair does not only look great, but also supports the proper body posture<\/strong>. Designated cushions, proven materials and filling, proper and sturdy frame ensure a healthy sitting posture.<\/p>\n<\/section>\n<\/div>\n<\/section>\n<section class=\"section\">\n<div class=\"item item-6 fx-left-in-element fx-start-animation\">\n<section class=\"text-item\">\n<h2><strong>PERFECT FOR A STUDY SESSION, PERFECT FOR GAMES!<\/strong><\/h2>\n<p>Your kid will love this chair! Doing homework? Is has never been so pleasant! Especially when you can reword yourself with a little bit of gaming time afterwords. Everyone deserves some downtime. Now both school work and leisure time are going to be much more comfortable!.<\/p>\n<\/section>\n<\/div>\n<div class=\"item item-6 fx-right-in-element fx-start-animation\">\n<section class=\"image-item\"><img decoding=\"async\" src=\"https:\/\/huzaro.com\/userdata\/public\/assets\/\/ranger6.0_RGB_nowoczesnosc.jpg\" alt=\"Ch\u0142opiec siedz\u0105cy na fotelu gamingowych Huzaro Ranger 6.0 Pixel trzymaj\u0105ca w r\u0119kach otwart\u0105 ksi\u0105\u017ck\u0119\" width=\"\" height=\"\" \/><\/section>\n<\/div>\n<\/section>\n<section class=\"section\">\n<div class=\"item item-6 fx-left-in-element fx-start-animation\">\n<section class=\"image-item\"><img decoding=\"async\" src=\"https:\/\/huzaro.com\/userdata\/public\/assets\/\/ranger6.0_RGB_konstrukcja.jpg\" alt=\"Ty\u0142 fotela Ranger 6.0 RGB z poduszk\u0105 pod kark i mechanizmem rozk\u0142adania oparcia\" width=\"\" height=\"\" \/><\/section>\n<\/div>\n<div class=\"item item-6 fx-right-in-element fx-start-animation\">\n<section class=\"text-item\">\n<h2><strong>RELIABLE PRODUCER AND SAFE STRUCTUR<\/strong><\/h2>\n<p>We use materials from our trusted suppliers exclusively. The frame is made of steel, which ensures safety and sturdiness. The quality of our products is very important for us. We conduct quality controls on a regular basis, to make sure that all Huzaro chairs are always of the highest quality.<\/p>\n<\/section>\n<\/div>\n<\/section>\n<section class=\"section\">\n<div class=\"item item-6 fx-left-in-element fx-start-animation\">\n<section class=\"image-item\"><img decoding=\"async\" src=\"https:\/\/huzaro.com\/userdata\/public\/assets\/\/ranger6.0_RGB_material2.png\" alt=\"Prawy skos fotela Huzaro Ranger 6.0 RGB z tkaninami\" width=\"\" height=\"\" \/><\/section>\n<\/div>\n<div class=\"item item-6 fx-right-in-element fx-start-animation\">\n<section class=\"text-item\">\n<h2><strong>UNIQUE CARBON DESIGN<\/strong><\/h2>\n<p>The material used on the cushions and on the backrest has a unique structure modeled on carbon fiber. It is durable, pleasant to touch and, above all, looks great.<\/p>\n<h3><strong>HUGE MESH FABRIC<\/strong><\/h3>\n<p>In places where the body sticks to the chair, a material made of thick threads is used, very durable and comfortable. Thanks to the pinhole design, the material allows much more air to pass through. The Huge Mesh fabric minimizes perspiration, even on hot days, and significantly increases the comfort of sitting in the chair.<\/p>\n<\/section>\n<\/div>\n<\/section>\n<section class=\"section\">\n<div class=\"item item-6 fx-left-in-element fx-start-animation\">\n<section class=\"text-item\">\n<h2><strong>ADJUSTABLE LUMBAR CUSHION<\/strong><\/h2>\n<p>The chair is not only visually appealing, but also supports the healthy posture of our child. Big, perforated and ergonomically shaped cushion ensures the proper position of the spine. Due to special stripes, the height of the cushion can be adjusted according to your needs.<\/p>\n<\/section>\n<\/div>\n<div class=\"item item-6 fx-right-in-element fx-start-animation\">\n<section class=\"image-item\"><img decoding=\"async\" src=\"https:\/\/huzaro.com\/userdata\/public\/assets\/\/ranger6.0_RGB_poduszka_ledzwia.jpg\" alt=\"Poduszka l\u0119d\u017awiowa do fotela gamingowego Huzaro Ranger 6.0 RGB\" width=\"\" height=\"\" \/><\/section>\n<\/div>\n<\/section>\n<section class=\"section\">\n<div class=\"item item-6 fx-left-in-element fx-start-animation\">\n<section class=\"text-item\">\n<h2><strong>NECK PILLOW<\/strong><\/h2>\n<p>The small additions, such as the neck pillow, support the proper sitting posture. Due to the neck pillow, the cervical part of the spine has an additional support, which decreases fatigue and improves work and leisure time quality. The pillow is detachable, so it can be used in many ways.<\/p>\n<\/section>\n<\/div>\n<div class=\"item item-6 fx-right-in-element fx-start-animation\">\n<section class=\"image-item\"><img decoding=\"async\" src=\"https:\/\/huzaro.com\/userdata\/public\/assets\/\/ranger6.0_RGB_poduszka_kark.jpg\" alt=\"Poduszka pod kark fotela Huzaro Ranger 6.0 RGB\" width=\"\" height=\"\" \/><\/section>\n<\/div>\n<\/section>\n<section class=\"section\">\n<div class=\"item item-6 fx-left-in-element fx-start-animation\">\n<section class=\"image-item\"><img decoding=\"async\" src=\"https:\/\/huzaro.com\/userdata\/public\/assets\/\/ranger6.0_RGB_bujanie.jpg\" alt=\"Mechanizm rozk\u0142adania oparcia w fotelu Huzaro Ranger 6.0 RGB\" width=\"\" height=\"\" \/><\/section>\n<\/div>\n<div class=\"item item-6 fx-right-in-element fx-start-animation\">\n<section class=\"text-item\">\n<h2><strong>CONVENIENT SIDEREST MECHANISM<\/strong><\/h2>\n<p>The mechanism allows for a quick backrest recline to a desired position. Huzaro Ranger 6.0 allows the kid to effortlessly relax without using any force.<\/p>\n<\/section>\n<\/div>\n<\/section>\n<section class=\"section\">\n<div class=\"item item-6 fx-left-in-element fx-start-animation\">\n<section class=\"image-item\"><img decoding=\"async\" src=\"https:\/\/huzaro.com\/userdata\/public\/assets\/\/ranger6.0_RGB_pod%C5%82okietnik.jpg\" alt=\"Lewy pod\u0142okietnik fotela gamingowego Huzaro Ranger 6.0 RGB\" width=\"\" height=\"\" \/><\/section>\n<\/div>\n<div class=\"item item-6 fx-right-in-element fx-start-animation\">\n<section class=\"text-item\">\n<h2><strong>ADJUSTABLE, NON-SLIP, SOFT ARMRESTS<\/strong><\/h2>\n<p>Comfortable, height-adjustable armrests are made of deformation-resistant materials and allow you to rest your arms comfortably. They ensure the right arm support and reduce shoulder and back strain.<\/p>\n<\/section>\n<\/div>\n<\/section>\n<section class=\"section\">\n<div class=\"item item-6 fx-left-in-element fx-start-animation\">\n<section class=\"text-item\">\n<h3>1. HEAD AND NECK<\/h3>\n<p>The headrest relieves the neck muscles and helps you to relax during the long hours spent in front of the computer.<\/p>\n<h3>2. ARMS AND HANDS<\/h3>\n<p>Resting the arms on the ergonomic, soft armrests helps the muscles to relax even during long work sessions.<\/p>\n<h3>3. BACK<\/h3>\n<p>The ergonomically shaped backrest will ensure the correct position of your back and prevent back pain, even when you spend a lot of time in front of the computer.<\/p>\n<h3>4. SPINE<\/h3>\n<p>The ergonomically curved, adjustable lumbar cushion guarantees the perfect spine position.<\/p>\n<h3>5. BODY POSTURE<\/h3>\n<p>The chair\u2019s steel fame ensures that the chair will always remain stable and fit your child\u2019s body perfectly.<\/p>\n<\/section>\n<\/div>\n<div class=\"item item-6 fx-right-in-element fx-start-animation\">\n<section class=\"image-item\">\u00a0<img decoding=\"async\" src=\"https:\/\/huzaro.com\/userdata\/public\/assets\/\/ranger6.0_RGB_bok_funkcje.jpg\" alt=\"Lewy bok fotela Huzaro Ranger 6.0 RGB\" width=\"\" height=\"\" \/><\/section>\n<\/div>\n<\/section>\n<section class=\"section\">\n<div class=\"item item-6 fx-left-in-element fx-start-animation\">\n<section class=\"text-item\">\u00a0<img decoding=\"async\" src=\"https:\/\/huzaro.com\/userdata\/public\/assets\/\/ranger6.0_RGB_tyl_do_opisu.jpg\" alt=\"Ty\u0142 fotela gamingowego Huzaro Ranger 6.0 RGB\" width=\"\" height=\"\" \/><\/section>\n<\/div>\n<div class=\"item item-6 fx-left-in-element fx-right-in-element fx-start-animation\">\n<section class=\"text-item\">\n<div class=\"fx-title\">\n<h2>PRODUCT SPECIFICATION<\/h2>\n<\/div>\n<ul class=\"fx-table\">\n<li>Producer:\u00a0<strong>Huzaro<\/strong><\/li>\n<li>Model:\u00a0<strong>RANGER\u00a06.0\u00a0RGB MESH<\/strong><\/li>\n<li>Certificates:\u00a0<strong>SGS<\/strong><\/li>\n<li>Materials:\u00a0<strong>Huge Mesh net, XTwill fabric<\/strong><\/li>\n<li>Frame:\u00a0<strong>Steel<\/strong><\/li>\n<li>Foam:\u00a0<strong>breathable, with the addition of cold-cured foam<\/strong><\/li>\n<li>Accessories:\u00a0<strong>Neck pillow, lumbar cushion<\/strong><\/li>\n<li>Rekomendowany wzrost:<strong>\u00a0100 cm &#8211; 160 cm<\/strong><\/li>\n<li>Mechanism:\u00a0<strong>Tilt Plus<\/strong><\/li>\n<li>Lift:\u00a0<strong>Gas<\/strong><\/li>\n<li>Maximum user weight:\u00a0<strong>130 kg<\/strong><\/li>\n<\/ul>\n<\/section>\n<\/div>\n<\/section>\n<p><img decoding=\"async\" src=\"https:\/\/huzaro.com\/userdata\/public\/assets\/\/wymiary_RGB-02%20NEW.jpg\" alt=\"Wymiary fotela Ranger 6.0 RGB\" width=\"\" height=\"\" \/><\/p>\n<p>&nbsp;<\/p>\n<p><img decoding=\"async\" src=\"https:\/\/huzaro.com\/userdata\/public\/assets\/\/zblizenia_RGB.png\" alt=\"Zbli\u017cenia fotela gamingowego Huzaro Ranger 6.0 RGB\" width=\"\" height=\"\" \/><\/p>","protected":false},"excerpt":{"rendered":"<section class=\"section\">\n<div class=\"item item-12\">&#8211; Designed for children, adapted to the needs of the youngest users<br \/>\n&#8211; Breathable Mesh fabric<br \/>\n&#8211; SideRest feature enables a convenient tilting of the back rest<br \/>\n&#8211; Polyurethane-rubber wheels do not scratch the floor<br \/>\n&#8211; USB power supply + power bank 4 x AA<br \/>\n&#8211; Lumbar cushion and neck pillow<br \/>\n&#8211; Armrests 2D provide the perfect arm support<br \/>\n&#8211; SoftFlex mechanism enables rocking in the chair<\/div>\n<\/section>","protected":false},"featured_media":567969,"template":"","meta":[],"product_brand":[],"product_cat":[82],"product_tag":[],"class_list":{"0":"post-567483","1":"product","2":"type-product","3":"status-publish","4":"has-post-thumbnail","6":"product_cat-gaming-chairs","8":"first","9":"outofstock","10":"taxable","11":"shipping-taxable","12":"purchasable","13":"product-type-simple"},"_links":{"self":[{"href":"https:\/\/forgamer.ee\/et\/wp-json\/wp\/v2\/product\/567483","targetHints":{"allow":["GET"]}}],"collection":[{"href":"https:\/\/forgamer.ee\/et\/wp-json\/wp\/v2\/product"}],"about":[{"href":"https:\/\/forgamer.ee\/et\/wp-json\/wp\/v2\/types\/product"}],"version-history":[{"count":5,"href":"https:\/\/forgamer.ee\/et\/wp-json\/wp\/v2\/product\/567483\/revisions"}],"predecessor-version":[{"id":572342,"href":"https:\/\/forgamer.ee\/et\/wp-json\/wp\/v2\/product\/567483\/revisions\/572342"}],"wp:featuredmedia":[{"embeddable":true,"href":"https:\/\/forgamer.ee\/et\/wp-json\/wp\/v2\/media\/567969"}],"wp:attachment":[{"href":"https:\/\/forgamer.ee\/et\/wp-json\/wp\/v2\/media?parent=567483"}],"wp:term":[{"taxonomy":"product_brand","embeddable":true,"href":"https:\/\/forgamer.ee\/et\/wp-json\/wp\/v2\/product_brand?post=567483"},{"taxonomy":"product_cat","embeddable":true,"href":"https:\/\/forgamer.ee\/et\/wp-json\/wp\/v2\/product_cat?post=567483"},{"taxonomy":"product_tag","embeddable":true,"href":"https:\/\/forgamer.ee\/et\/wp-json\/wp\/v2\/product_tag?post=567483"}],"curies":[{"name":"wp","href":"https:\/\/api.w.org\/{rel}","templated":true}]}}