{"id":2010,"date":"2020-04-08T12:39:04","date_gmt":"2020-04-08T12:39:04","guid":{"rendered":"https:\/\/demo.lion-themes.net\/gota\/?page_id=3"},"modified":"2025-04-04T15:15:50","modified_gmt":"2025-04-04T13:15:50","slug":"privacy-policy","status":"publish","type":"page","link":"https:\/\/forgamer.ee\/et\/privacy-policy\/","title":{"rendered":"Privaatsuspoliitika"},"content":{"rendered":"<div data-elementor-type=\"wp-page\" data-elementor-id=\"2010\" class=\"elementor elementor-2010\" data-elementor-post-type=\"page\">\n\t\t\t\t\t\t<section class=\"elementor-section elementor-top-section elementor-element elementor-element-62732900 elementor-section-boxed elementor-section-height-default elementor-section-height-default\" data-id=\"62732900\" data-element_type=\"section\">\n\t\t\t\t\t\t<div class=\"elementor-container elementor-column-gap-default\">\n\t\t\t\t\t<div class=\"elementor-column elementor-col-100 elementor-top-column elementor-element elementor-element-3a8a917a\" data-id=\"3a8a917a\" data-element_type=\"column\">\n\t\t\t<div class=\"elementor-widget-wrap elementor-element-populated\">\n\t\t\t\t\t\t<div class=\"elementor-element elementor-element-196610a5 elementor-widget elementor-widget-text-editor\" data-id=\"196610a5\" data-element_type=\"widget\" data-widget_type=\"text-editor.default\">\n\t\t\t\t<div class=\"elementor-widget-container\">\n\t\t\t\t\t\t\t\t\t<p>ForGamer.ee-poe kasutamisel ning toodete soetamisel (lepingu s\u00f5lmimisel) annate Te selge ja teadliku n\u00f5usoleku ITkodu O\u00dc Teie isikuandmete t\u00f6\u00f6tlemiseks.<\/p><p><span style=\"color: var( --e-global-color-text ); font-family: var( --e-global-typography-text-font-family ), Sans-serif; font-weight: var( --e-global-typography-text-font-weight ); background-color: initial;\">ITkodu O\u00dc teatavaks saanud isikuandmed kantakse vastavasse kliendiregistrisse ning kasutatakse m\u00fc\u00fcgiteenuse osutamiseks ja kauba pakkumiseks.<\/span><\/p><p><span style=\"color: var( --e-global-color-text ); font-family: var( --e-global-typography-text-font-family ), Sans-serif; font-weight: var( --e-global-typography-text-font-weight ); background-color: initial;\">Isikuandmete allikaks on kliendisuhte tekkimine ForGamer.ee e-poes tellimuse registreerimisel.<\/span><\/p><p><span style=\"color: var( --e-global-color-text ); font-family: var( --e-global-typography-text-font-family ), Sans-serif; font-weight: var( --e-global-typography-text-font-weight ); background-color: initial;\">Registreeritavate isikuandmete koosseisu kuuluvad andmed Teie tellimuse kohta \u2013 isikukood, perekonnanimi, eesnimi (eesnimed), t\u00e4nav, maja, korteri number, asula v\u00f5i linn, postiindeks, telefoninumber, aadress, s\u00fcnniaasta, sugu, tarnimise viis, kasutatud makseviis, Tingimustega n\u00f5ustumine, m\u00fc\u00fcgipakkumiste saatmisega n\u00f5ustumine, elektronposti aadressil vabatekstina sisestatud m\u00e4rkused.<\/span><\/p><p><span style=\"color: var( --e-global-color-text ); font-family: var( --e-global-typography-text-font-family ), Sans-serif; font-weight: var( --e-global-typography-text-font-weight ); background-color: initial;\">K\u00f5iki e-poe k\u00fclastamise ja ostude sooritamise k\u00e4igus teatavaks saanud kliendi isikuandmeid k\u00e4sitletakse kui konfidentsiaalset infot. Kr\u00fcptitud andmesidekanal pankadega tagab ostu sooritaja isikuandmete ja pangarekvisiitide turvalisuse. Ka ITkodu O\u00dc puudub neile juurdep\u00e4\u00e4s.<\/span><\/p><p><span style=\"color: var( --e-global-color-text ); font-family: var( --e-global-typography-text-font-family ), Sans-serif; font-weight: var( --e-global-typography-text-font-weight ); background-color: initial;\">Isikuandmeid t\u00f6\u00f6tleb ITkodu O\u00dc, Punane 40, Tallinn 13619 Tallinn, registrikood 14193868.<\/span><\/p><p><span style=\"color: var( --e-global-color-text ); font-family: var( --e-global-typography-text-font-family ), Sans-serif; font-weight: var( --e-global-typography-text-font-weight ); background-color: initial;\">Tellija isikuandmeid, mis on vajalikud kauba vahendamiseks tellijale edastatakse kulleriteenust osutavaile ettev\u00f5ttele.<\/span><\/p><p><span style=\"color: var( --e-global-color-text ); font-family: var( --e-global-typography-text-font-family ), Sans-serif; font-weight: var( --e-global-typography-text-font-weight ); background-color: initial;\">K\u00e4esolevaga kinnitab ITkodu O\u00dc, et isikuandmete kaitse on tagatud k\u00f5igi seadusest tulenevate turvameetmetega.<\/span><\/p><p><span style=\"color: var( --e-global-color-text ); font-family: var( --e-global-typography-text-font-family ), Sans-serif; font-weight: var( --e-global-typography-text-font-weight ); background-color: initial;\">ITkodu O\u00dc kohustub mitte edastama registreeritud isikuandmeid k\u00f5rvalistele isikutele.<\/span><\/p><p><span style=\"color: var( --e-global-color-text ); font-family: var( --e-global-typography-text-font-family ), Sans-serif; font-weight: var( --e-global-typography-text-font-weight ); background-color: initial;\">ITkodu O\u00dc j\u00e4tab endale \u00f5iguse edastada tellijaid puudutavaid isikuandmeid isikuile, kellel on selleks seaduslik \u00f5igus ning kes t\u00f6\u00f6tleb andmeid seadusega etten\u00e4htud kohustuse t\u00e4itmiseks ning isikuile, kellel on selleks seaduslik \u00f5igus ning see toimub tellija v\u00f5i muu isiku elu, tervise v\u00f5i vabaduse kaitseks.<\/span><\/p><p>Teil on alati \u00f5igus kontrollida Teid ennast puudutavaid isikuandmeid samuti neid muuta v\u00f5i paluda k\u00f5rvaldada oma isikuandmed registrist.<\/p><p>Tellimuse vormistamisega annate \u00fchtlasi ITkodu O\u00dc n\u00f5usoleku saata tellimuse esitamisel sisestatud elektronposti aadressil tellimuskinnituse.<\/p>\t\t\t\t\t\t\t\t<\/div>\n\t\t\t\t<\/div>\n\t\t\t\t\t<\/div>\n\t\t<\/div>\n\t\t\t\t\t<\/div>\n\t\t<\/section>\n\t\t\t\t<\/div>","protected":false},"excerpt":{"rendered":"<p>By using the ForGamer.ee store and purchasing products (entering into a contract), you give clear and informed consent for ITkodu O\u00dc to &hellip;<\/p>","protected":false},"author":1,"featured_media":0,"parent":0,"menu_order":0,"comment_status":"closed","ping_status":"closed","template":"","meta":{"footnotes":""},"class_list":["post-2010","page","type-page","status-publish","hentry"],"_links":{"self":[{"href":"https:\/\/forgamer.ee\/et\/wp-json\/wp\/v2\/pages\/2010","targetHints":{"allow":["GET"]}}],"collection":[{"href":"https:\/\/forgamer.ee\/et\/wp-json\/wp\/v2\/pages"}],"about":[{"href":"https:\/\/forgamer.ee\/et\/wp-json\/wp\/v2\/types\/page"}],"author":[{"embeddable":true,"href":"https:\/\/forgamer.ee\/et\/wp-json\/wp\/v2\/users\/1"}],"replies":[{"embeddable":true,"href":"https:\/\/forgamer.ee\/et\/wp-json\/wp\/v2\/comments?post=2010"}],"version-history":[{"count":3,"href":"https:\/\/forgamer.ee\/et\/wp-json\/wp\/v2\/pages\/2010\/revisions"}],"predecessor-version":[{"id":610224,"href":"https:\/\/forgamer.ee\/et\/wp-json\/wp\/v2\/pages\/2010\/revisions\/610224"}],"wp:attachment":[{"href":"https:\/\/forgamer.ee\/et\/wp-json\/wp\/v2\/media?parent=2010"}],"curies":[{"name":"wp","href":"https:\/\/api.w.org\/{rel}","templated":true}]}}